{"id":7150,"date":"2024-05-22T10:48:28","date_gmt":"2024-05-22T08:48:28","guid":{"rendered":"https:\/\/manuelyacoub.at\/?page_id=7150"},"modified":"2025-03-06T15:02:31","modified_gmt":"2025-03-06T14:02:31","slug":"impressum","status":"publish","type":"page","link":"https:\/\/manuelyacoub.at\/en\/impressum\/","title":{"rendered":"Impressum"},"content":{"rendered":"<div data-elementor-type=\"wp-page\" data-elementor-id=\"7150\" class=\"elementor elementor-7150\" data-elementor-post-type=\"page\">\n\t\t\t\t<div class=\"elementor-element elementor-element-83ff0c5 e-flex e-con-boxed e-con e-parent\" data-id=\"83ff0c5\" data-element_type=\"container\">\n\t\t\t\t\t<div class=\"e-con-inner\">\n\t\t\t\t<div class=\"elementor-element elementor-element-f54da89 elementor-widget elementor-widget-spacer\" data-id=\"f54da89\" data-element_type=\"widget\" data-widget_type=\"spacer.default\">\n\t\t\t\t<div class=\"elementor-widget-container\">\n\t\t\t\t\t\t\t<div class=\"elementor-spacer\">\n\t\t\t<div class=\"elementor-spacer-inner\"><\/div>\n\t\t<\/div>\n\t\t\t\t\t\t<\/div>\n\t\t\t\t<\/div>\n\t\t\t\t<div class=\"elementor-element elementor-element-1569950 elementor-widget elementor-widget-heading\" data-id=\"1569950\" data-element_type=\"widget\" data-widget_type=\"heading.default\">\n\t\t\t\t<div class=\"elementor-widget-container\">\n\t\t\t\t\t<h2 class=\"elementor-heading-title elementor-size-default\">IMPRESSUM<\/h2>\t\t\t\t<\/div>\n\t\t\t\t<\/div>\n\t\t\t\t<div class=\"elementor-element elementor-element-0f1e654 elementor-widget elementor-widget-spacer\" data-id=\"0f1e654\" data-element_type=\"widget\" data-widget_type=\"spacer.default\">\n\t\t\t\t<div class=\"elementor-widget-container\">\n\t\t\t\t\t\t\t<div class=\"elementor-spacer\">\n\t\t\t<div class=\"elementor-spacer-inner\"><\/div>\n\t\t<\/div>\n\t\t\t\t\t\t<\/div>\n\t\t\t\t<\/div>\n\t\t\t\t\t<\/div>\n\t\t\t\t<\/div>\n\t\t<div class=\"elementor-element elementor-element-ffe386e e-flex e-con-boxed e-con e-parent\" data-id=\"ffe386e\" data-element_type=\"container\">\n\t\t\t\t\t<div class=\"e-con-inner\">\n\t\t\t\t<div class=\"elementor-element elementor-element-fb5275f elementor-widget elementor-widget-text-editor\" data-id=\"fb5275f\" data-element_type=\"widget\" data-widget_type=\"text-editor.default\">\n\t\t\t\t<div class=\"elementor-widget-container\">\n\t\t\t\t\t\t\t\t\t<p><strong>Firma und Anschrift<\/strong><br \/>M.Y. Consulting GmbH<br \/>The Icon Vienna Tower 24<br \/>Wiedner G\u00fcrtel 9-13\/19.OG<br \/>1100 Wien<br \/><br \/><strong>Kontaktdaten<\/strong><br \/>Tel.: +43 676 5503430<br \/>E-Mail: manuel.yacoub@finanzfuchsgruppe.at<br \/><br \/><strong>Bankverbindung<\/strong><br \/>Erste Bank der \u00f6sterreichischen Sparkassen AG<br \/>IBAN: AT562011184460144900<br \/>BIC: GIBAATWWXXX<br \/><br \/><strong>UID-Nummer<\/strong><br \/>ATU67795923<br \/><br \/><strong>Gesch\u00e4ftsf\u00fchrer<\/strong><br \/>Manuel Yacoub<br \/><br \/><strong>Gesellschafter<\/strong><br \/>Manuel Yacoub (27 %)<br \/>Rina Yacoub (37 %)<br \/>Ibrahim Yacoub (37 %)<br \/><br \/><strong>Betreiber der Website, Medieninhaber und Herausgeber<\/strong><br \/>M.Y. Consulting GmbH<br \/><br \/><strong>Unternehmensgegenstand<\/strong><br \/>Gewerbliche Verm\u00f6gensberatung, Immobilienvermittlung und<br \/>Versicherungsvermittlung<br \/><br \/><strong>Berufsbezeichnung<\/strong><br \/>\u2022 Versicherungsvermittlung in der Form Versicherungsagent<br \/>\u2022 Gewerbliche Verm\u00f6gensberatung mit den Berechtigungen nach \u00a7 1 Z<br \/>44 WAG 2018 als vertraglich gebundener Vermittler und zur<br \/>Vermittlung von Lebens- und Unfallversicherungen in der Form<br \/>Versicherungsagent<br \/><br \/><strong>Berechtigung zu T\u00e4tigkeiten der ungebundenen Kreditvermittlung<\/strong><br \/>Staatlich gepr\u00fcft. Pr\u00fcfung abgelegt in \u00d6sterreich.<br \/><br \/><strong>Aufsichtsbeh\u00f6rde\/Gewerbebeh\u00f6rde<\/strong><br \/>Magistrat 10. Bezirk<br \/><br \/><strong>Firmenbuchnummer<\/strong><br \/>563345z<br \/><br \/><strong>Firmenbuchgericht<\/strong><br \/>Handelsgericht Wien<br \/><br \/><strong>Mitgliedschaften und Berufsrecht<\/strong><br \/>M.Y. Consulting GmbH ist Mitglied der WK\u00d6<br \/>www.ris.bka.gv.at<br \/>Gewerbeordnung<br \/><br \/><strong>Streitbeilegung<\/strong><br \/>Verbraucher haben die M\u00f6glichkeit, Beschwerden an die Online-<br \/>Streitbeilegungsplattform der EU zu richten: http:\/\/ec.europa.eu\/odr .<br \/>Sie k\u00f6nnen allf\u00e4llige Beschwerde auch an die oben angegebene E-Mail-<br \/>Adresse richten.<\/p>\t\t\t\t\t\t\t\t<\/div>\n\t\t\t\t<\/div>\n\t\t\t\t\t<\/div>\n\t\t\t\t<\/div>\n\t\t\t\t<\/div>","protected":false},"excerpt":{"rendered":"<p>IMPRESSUM Firma und AnschriftM.Y. Consulting GmbHThe Icon Vienna Tower 24Wiedner G\u00fcrtel 9-13\/19.OG1100 Wien KontaktdatenTel.: +43 676 5503430E-Mail: manuel.yacoub@finanzfuchsgruppe.at BankverbindungErste Bank der \u00f6sterreichischen Sparkassen AGIBAN: AT562011184460144900BIC: GIBAATWWXXX UID-NummerATU67795923 Gesch\u00e4ftsf\u00fchrerManuel Yacoub GesellschafterManuel Yacoub (27 %)Rina Yacoub (37 %)Ibrahim Yacoub (37 %) Betreiber der Website, Medieninhaber und HerausgeberM.Y. Consulting GmbH UnternehmensgegenstandGewerbliche Verm\u00f6gensberatung, Immobilienvermittlung undVersicherungsvermittlung Berufsbezeichnung\u2022 Versicherungsvermittlung in der [&hellip;]<\/p>","protected":false},"author":1,"featured_media":0,"parent":0,"menu_order":0,"comment_status":"closed","ping_status":"closed","template":"","meta":{"_acf_changed":false,"iawp_total_views":187,"footnotes":""},"class_list":["post-7150","page","type-page","status-publish","hentry"],"acf":[],"yoast_head":"<!-- This site is optimized with the Yoast SEO plugin v26.8 - https:\/\/yoast.com\/product\/yoast-seo-wordpress\/ -->\n<title>Impressum - Manuel Yacoub<\/title>\n<meta name=\"robots\" content=\"index, follow, max-snippet:-1, max-image-preview:large, max-video-preview:-1\" \/>\n<link rel=\"canonical\" href=\"https:\/\/manuelyacoub.at\/en\/impressum\/\" \/>\n<meta property=\"og:locale\" content=\"en_GB\" \/>\n<meta property=\"og:type\" content=\"article\" \/>\n<meta property=\"og:title\" content=\"Impressum - Manuel Yacoub\" \/>\n<meta property=\"og:description\" content=\"IMPRESSUM Firma und AnschriftM.Y. Consulting GmbHThe Icon Vienna Tower 24Wiedner G\u00fcrtel 9-13\/19.OG1100 Wien KontaktdatenTel.: +43 676 5503430E-Mail: manuel.yacoub@finanzfuchsgruppe.at BankverbindungErste Bank der \u00f6sterreichischen Sparkassen AGIBAN: AT562011184460144900BIC: GIBAATWWXXX UID-NummerATU67795923 Gesch\u00e4ftsf\u00fchrerManuel Yacoub GesellschafterManuel Yacoub (27 %)Rina Yacoub (37 %)Ibrahim Yacoub (37 %) Betreiber der Website, Medieninhaber und HerausgeberM.Y. Consulting GmbH UnternehmensgegenstandGewerbliche Verm\u00f6gensberatung, Immobilienvermittlung undVersicherungsvermittlung Berufsbezeichnung\u2022 Versicherungsvermittlung in der [&hellip;]\" \/>\n<meta property=\"og:url\" content=\"https:\/\/manuelyacoub.at\/en\/impressum\/\" \/>\n<meta property=\"og:site_name\" content=\"Manuel Yacoub\" \/>\n<meta property=\"article:modified_time\" content=\"2025-03-06T14:02:31+00:00\" \/>\n<meta name=\"twitter:card\" content=\"summary_large_image\" \/>\n<meta name=\"twitter:label1\" content=\"Estimated reading time\" \/>\n\t<meta name=\"twitter:data1\" content=\"1 minute\" \/>\n<script type=\"application\/ld+json\" class=\"yoast-schema-graph\">{\"@context\":\"https:\/\/schema.org\",\"@graph\":[{\"@type\":\"WebPage\",\"@id\":\"https:\/\/manuelyacoub.at\/impressum\/\",\"url\":\"https:\/\/manuelyacoub.at\/impressum\/\",\"name\":\"Impressum - Manuel Yacoub\",\"isPartOf\":{\"@id\":\"https:\/\/manuelyacoub.at\/#website\"},\"datePublished\":\"2024-05-22T08:48:28+00:00\",\"dateModified\":\"2025-03-06T14:02:31+00:00\",\"breadcrumb\":{\"@id\":\"https:\/\/manuelyacoub.at\/impressum\/#breadcrumb\"},\"inLanguage\":\"en-GB\",\"potentialAction\":[{\"@type\":\"ReadAction\",\"target\":[\"https:\/\/manuelyacoub.at\/impressum\/\"]}]},{\"@type\":\"BreadcrumbList\",\"@id\":\"https:\/\/manuelyacoub.at\/impressum\/#breadcrumb\",\"itemListElement\":[{\"@type\":\"ListItem\",\"position\":1,\"name\":\"Startseite\",\"item\":\"https:\/\/manuelyacoub.at\/\"},{\"@type\":\"ListItem\",\"position\":2,\"name\":\"Impressum\"}]},{\"@type\":\"WebSite\",\"@id\":\"https:\/\/manuelyacoub.at\/#website\",\"url\":\"https:\/\/manuelyacoub.at\/\",\"name\":\"Manuel Yacoub\",\"description\":\"\",\"publisher\":{\"@id\":\"https:\/\/manuelyacoub.at\/#organization\"},\"potentialAction\":[{\"@type\":\"SearchAction\",\"target\":{\"@type\":\"EntryPoint\",\"urlTemplate\":\"https:\/\/manuelyacoub.at\/?s={search_term_string}\"},\"query-input\":{\"@type\":\"PropertyValueSpecification\",\"valueRequired\":true,\"valueName\":\"search_term_string\"}}],\"inLanguage\":\"en-GB\"},{\"@type\":\"Organization\",\"@id\":\"https:\/\/manuelyacoub.at\/#organization\",\"name\":\"Manuel Yacoub\",\"url\":\"https:\/\/manuelyacoub.at\/\",\"logo\":{\"@type\":\"ImageObject\",\"inLanguage\":\"en-GB\",\"@id\":\"https:\/\/manuelyacoub.at\/#\/schema\/logo\/image\/\",\"url\":\"https:\/\/manuelyacoub.at\/wp-content\/uploads\/2024\/04\/Manuel-Yacoub-e1735813284966.png\",\"contentUrl\":\"https:\/\/manuelyacoub.at\/wp-content\/uploads\/2024\/04\/Manuel-Yacoub-e1735813284966.png\",\"width\":1000,\"height\":172,\"caption\":\"Manuel Yacoub\"},\"image\":{\"@id\":\"https:\/\/manuelyacoub.at\/#\/schema\/logo\/image\/\"}}]}<\/script>\n<!-- \/ Yoast SEO plugin. -->","yoast_head_json":{"title":"Impressum - Manuel Yacoub","robots":{"index":"index","follow":"follow","max-snippet":"max-snippet:-1","max-image-preview":"max-image-preview:large","max-video-preview":"max-video-preview:-1"},"canonical":"https:\/\/manuelyacoub.at\/en\/impressum\/","og_locale":"en_GB","og_type":"article","og_title":"Impressum - Manuel Yacoub","og_description":"IMPRESSUM Firma und AnschriftM.Y. Consulting GmbHThe Icon Vienna Tower 24Wiedner G\u00fcrtel 9-13\/19.OG1100 Wien KontaktdatenTel.: +43 676 5503430E-Mail: manuel.yacoub@finanzfuchsgruppe.at BankverbindungErste Bank der \u00f6sterreichischen Sparkassen AGIBAN: AT562011184460144900BIC: GIBAATWWXXX UID-NummerATU67795923 Gesch\u00e4ftsf\u00fchrerManuel Yacoub GesellschafterManuel Yacoub (27 %)Rina Yacoub (37 %)Ibrahim Yacoub (37 %) Betreiber der Website, Medieninhaber und HerausgeberM.Y. Consulting GmbH UnternehmensgegenstandGewerbliche Verm\u00f6gensberatung, Immobilienvermittlung undVersicherungsvermittlung Berufsbezeichnung\u2022 Versicherungsvermittlung in der [&hellip;]","og_url":"https:\/\/manuelyacoub.at\/en\/impressum\/","og_site_name":"Manuel Yacoub","article_modified_time":"2025-03-06T14:02:31+00:00","twitter_card":"summary_large_image","twitter_misc":{"Estimated reading time":"1 minute"},"schema":{"@context":"https:\/\/schema.org","@graph":[{"@type":"WebPage","@id":"https:\/\/manuelyacoub.at\/impressum\/","url":"https:\/\/manuelyacoub.at\/impressum\/","name":"Impressum - Manuel Yacoub","isPartOf":{"@id":"https:\/\/manuelyacoub.at\/#website"},"datePublished":"2024-05-22T08:48:28+00:00","dateModified":"2025-03-06T14:02:31+00:00","breadcrumb":{"@id":"https:\/\/manuelyacoub.at\/impressum\/#breadcrumb"},"inLanguage":"en-GB","potentialAction":[{"@type":"ReadAction","target":["https:\/\/manuelyacoub.at\/impressum\/"]}]},{"@type":"BreadcrumbList","@id":"https:\/\/manuelyacoub.at\/impressum\/#breadcrumb","itemListElement":[{"@type":"ListItem","position":1,"name":"Startseite","item":"https:\/\/manuelyacoub.at\/"},{"@type":"ListItem","position":2,"name":"Impressum"}]},{"@type":"WebSite","@id":"https:\/\/manuelyacoub.at\/#website","url":"https:\/\/manuelyacoub.at\/","name":"Manuel Yacoub","description":"","publisher":{"@id":"https:\/\/manuelyacoub.at\/#organization"},"potentialAction":[{"@type":"SearchAction","target":{"@type":"EntryPoint","urlTemplate":"https:\/\/manuelyacoub.at\/?s={search_term_string}"},"query-input":{"@type":"PropertyValueSpecification","valueRequired":true,"valueName":"search_term_string"}}],"inLanguage":"en-GB"},{"@type":"Organization","@id":"https:\/\/manuelyacoub.at\/#organization","name":"Manuel Yacoub","url":"https:\/\/manuelyacoub.at\/","logo":{"@type":"ImageObject","inLanguage":"en-GB","@id":"https:\/\/manuelyacoub.at\/#\/schema\/logo\/image\/","url":"https:\/\/manuelyacoub.at\/wp-content\/uploads\/2024\/04\/Manuel-Yacoub-e1735813284966.png","contentUrl":"https:\/\/manuelyacoub.at\/wp-content\/uploads\/2024\/04\/Manuel-Yacoub-e1735813284966.png","width":1000,"height":172,"caption":"Manuel Yacoub"},"image":{"@id":"https:\/\/manuelyacoub.at\/#\/schema\/logo\/image\/"}}]}},"_links":{"self":[{"href":"https:\/\/manuelyacoub.at\/en\/wp-json\/wp\/v2\/pages\/7150","targetHints":{"allow":["GET"]}}],"collection":[{"href":"https:\/\/manuelyacoub.at\/en\/wp-json\/wp\/v2\/pages"}],"about":[{"href":"https:\/\/manuelyacoub.at\/en\/wp-json\/wp\/v2\/types\/page"}],"author":[{"embeddable":true,"href":"https:\/\/manuelyacoub.at\/en\/wp-json\/wp\/v2\/users\/1"}],"replies":[{"embeddable":true,"href":"https:\/\/manuelyacoub.at\/en\/wp-json\/wp\/v2\/comments?post=7150"}],"version-history":[{"count":10,"href":"https:\/\/manuelyacoub.at\/en\/wp-json\/wp\/v2\/pages\/7150\/revisions"}],"predecessor-version":[{"id":7221,"href":"https:\/\/manuelyacoub.at\/en\/wp-json\/wp\/v2\/pages\/7150\/revisions\/7221"}],"wp:attachment":[{"href":"https:\/\/manuelyacoub.at\/en\/wp-json\/wp\/v2\/media?parent=7150"}],"curies":[{"name":"wp","href":"https:\/\/api.w.org\/{rel}","templated":true}]}}